{"id":2879,"date":"2022-12-12T22:15:19","date_gmt":"2022-12-12T21:15:19","guid":{"rendered":"https:\/\/beautylaser.hu\/newsletter-subscription\/"},"modified":"2023-06-05T17:30:27","modified_gmt":"2023-06-05T15:30:27","slug":"newsletter-subscription","status":"publish","type":"page","link":"https:\/\/beautylaser.hu\/en\/newsletter-subscription\/","title":{"rendered":"Newsletter subscription"},"content":{"rendered":"\t\t<div data-elementor-type=\"wp-page\" data-elementor-id=\"2879\" class=\"elementor elementor-2879 elementor-2512\" data-elementor-post-type=\"page\">\n\t\t\t\t\t\t<section class=\" elementor-section elementor-top-section elementor-element elementor-element-889d6d3 elementor-section-boxed elementor-section-height-default elementor-section-height-default\" data-id=\"889d6d3\" data-element_type=\"section\" data-e-type=\"section\">\r\n\t\t\t\t\t\t\t\t<div class=\"elementor-container elementor-column-gap-default\">\r\n\t\t\t\t\r\n\t\t\t\t\t\t\t\t<div class=\" elementor-column elementor-col-50 elementor-top-column elementor-element elementor-element-cf5016c \" data-id=\"cf5016c\" data-element_type=\"column\" data-e-type=\"column\">\r\n\r\n\t\t\t\t\r\n\t\t\t\t<div class=\"elementor-widget-wrap elementor-element-populated\">\r\n\t\t\t\t\t\t\t\t\t\t\r\n\t\t\t\t\t\t<div class=\"elementor-element elementor-element-4e2b30e elementor-widget elementor-widget-image\" data-id=\"4e2b30e\" data-element_type=\"widget\" data-e-type=\"widget\" data-widget_type=\"image.default\">\n\t\t\t\t<div class=\"elementor-widget-container\">\n\t\t\t\t\t\t\t\t\t\t\t\t\t\t\t<img fetchpriority=\"high\" decoding=\"async\" width=\"1024\" height=\"683\" src=\"https:\/\/beautylaser.hu\/wp-content\/uploads\/2022\/12\/focimkep-1024x683.jpg\" class=\"attachment-large size-large wp-image-2712\" alt=\"\" srcset=\"https:\/\/beautylaser.hu\/wp-content\/uploads\/2022\/12\/focimkep-1024x683.jpg 1024w, https:\/\/beautylaser.hu\/wp-content\/uploads\/2022\/12\/focimkep-768x512.jpg 768w, https:\/\/beautylaser.hu\/wp-content\/uploads\/2022\/12\/focimkep-600x400.jpg 600w\" sizes=\"(max-width: 1024px) 100vw, 1024px\" \/>\t\t\t\t\t\t\t\t\t\t\t\t\t\t\t<\/div>\n\t\t\t\t<\/div>\n\t\t\t\t\t\t<\/div>\r\n\t\t\t\t<\/div>\r\n\t\t\t\t\t\t\t\t\t<div class=\" elementor-column elementor-col-50 elementor-top-column elementor-element elementor-element-a7ddae6 \" data-id=\"a7ddae6\" data-element_type=\"column\" data-e-type=\"column\">\r\n\r\n\t\t\t\t\r\n\t\t\t\t<div class=\"elementor-widget-wrap elementor-element-populated\">\r\n\t\t\t\t\t\t\t\t\t\t\r\n\t\t\t\t\t\t<div class=\"elementor-element elementor-element-385124d font-secondary elementor-widget elementor-widget-heading\" data-id=\"385124d\" data-element_type=\"widget\" data-e-type=\"widget\" data-settings=\"{&quot;_animation&quot;:&quot;none&quot;}\" data-widget_type=\"heading.default\">\n\t\t\t\t<div class=\"elementor-widget-container\">\n\t\t\t\t\t<h4 class=\"elementor-heading-title elementor-size-default\">News about Beautylaser<\/h4>\t\t\t\t<\/div>\n\t\t\t\t<\/div>\n\t\t\t\t<div class=\"elementor-element elementor-element-557ce9e mb-5 elementor-widget elementor-widget-heading\" data-id=\"557ce9e\" data-element_type=\"widget\" data-e-type=\"widget\" data-settings=\"{&quot;_animation&quot;:&quot;none&quot;,&quot;_animation_delay&quot;:400}\" data-widget_type=\"heading.default\">\n\t\t\t\t<div class=\"elementor-widget-container\">\n\t\t\t\t\t<h3 class=\"elementor-heading-title elementor-size-default\">Subscribe and be informed about our news!<\/h3>\t\t\t\t<\/div>\n\t\t\t\t<\/div>\n\t\t\t\t<div class=\"elementor-element elementor-element-095415d elementor-button-align-start elementor-widget elementor-widget-form\" data-id=\"095415d\" data-element_type=\"widget\" data-e-type=\"widget\" data-settings=\"{&quot;step_next_label&quot;:&quot;Next&quot;,&quot;step_previous_label&quot;:&quot;Previous&quot;,&quot;button_width&quot;:&quot;100&quot;,&quot;step_type&quot;:&quot;number_text&quot;,&quot;step_icon_shape&quot;:&quot;circle&quot;}\" data-widget_type=\"form.default\">\n\t\t\t\t<div class=\"elementor-widget-container\">\n\t\t\t\t\t\t\t<form class=\"elementor-form\" method=\"post\" name=\"New Form\" aria-label=\"New Form\">\n\t\t\t<input type=\"hidden\" name=\"post_id\" value=\"2879\"\/>\n\t\t\t<input type=\"hidden\" name=\"form_id\" value=\"095415d\"\/>\n\t\t\t<input type=\"hidden\" name=\"referer_title\" value=\"Newsletter subscription - Optikop Beautylaser\" \/>\n\n\t\t\t\t\t\t\t<input type=\"hidden\" name=\"queried_id\" value=\"2879\"\/>\n\t\t\t\n\t\t\t<div class=\"elementor-form-fields-wrapper elementor-labels-\">\n\t\t\t\t\t\t\t\t<div class=\"elementor-field-type-email elementor-field-group elementor-column elementor-field-group-email elementor-col-100 elementor-field-required\">\n\t\t\t\t\t\t\t\t\t\t\t\t<label for=\"form-field-email\" class=\"elementor-field-label elementor-screen-only\">\n\t\t\t\t\t\t\t\tE-mail\t\t\t\t\t\t\t<\/label>\n\t\t\t\t\t\t\t\t\t\t\t\t\t\t<input size=\"1\" type=\"email\" name=\"form_fields[email]\" id=\"form-field-email\" class=\"elementor-field elementor-size-sm  elementor-field-textual\" placeholder=\"E-mail address\" required=\"required\">\n\t\t\t\t\t\t\t\t\t\t\t<\/div>\n\t\t\t\t\t\t\t\t<div class=\"elementor-field-type-text elementor-field-group elementor-column elementor-field-group-name elementor-col-100\">\n\t\t\t\t\t\t\t\t\t\t\t\t<label for=\"form-field-name\" class=\"elementor-field-label elementor-screen-only\">\n\t\t\t\t\t\t\t\tName\t\t\t\t\t\t\t<\/label>\n\t\t\t\t\t\t\t\t\t\t\t\t\t\t<input size=\"1\" type=\"text\" name=\"form_fields[name]\" id=\"form-field-name\" class=\"elementor-field elementor-size-sm  elementor-field-textual\" placeholder=\"Name\">\n\t\t\t\t\t\t\t\t\t\t\t<\/div>\n\t\t\t\t\t\t\t\t<div class=\"elementor-field-type-acceptance elementor-field-group elementor-column elementor-field-group-field_657e8cb elementor-col-100 elementor-field-required\">\n\t\t\t\t\t\t\t\t\t\t\t\t<label for=\"form-field-field_657e8cb\" class=\"elementor-field-label elementor-screen-only\">\n\t\t\t\t\t\t\t\tData management\t\t\t\t\t\t\t<\/label>\n\t\t\t\t\t\t\t\t<div class=\"elementor-field-subgroup\">\n\t\t\t<span class=\"elementor-field-option\">\n\t\t\t\t<input type=\"checkbox\" name=\"form_fields[field_657e8cb]\" id=\"form-field-field_657e8cb\" class=\"elementor-field elementor-size-sm  elementor-acceptance-field\" required=\"required\">\n\t\t\t\t<label for=\"form-field-field_657e8cb\">I have read and accept the <a href=\"https:\/\/beautylaser.hu\/adatkezelesi-tajekoztato\/\">data management information<\/a> of Gy\u00f3gyl\u00e9zer Csal\u00e1d Ltd.<\/label>\t\t\t<\/span>\n\t\t<\/div>\n\t\t\t\t\t\t<\/div>\n\t\t\t\t\t\t\t\t<div class=\"elementor-field-group elementor-column elementor-field-type-submit elementor-col-100 e-form__buttons\">\n\t\t\t\t\t<button class=\"elementor-button elementor-size-sm\" type=\"submit\">\n\t\t\t\t\t\t<span class=\"elementor-button-content-wrapper\">\n\t\t\t\t\t\t\t\t\t\t\t\t\t\t\t\t\t\t\t\t\t\t<span class=\"elementor-button-text\">APPLY<\/span>\n\t\t\t\t\t\t\t\t\t\t\t\t\t<\/span>\n\t\t\t\t\t<\/button>\n\t\t\t\t<\/div>\n\t\t\t<\/div>\n\t\t<\/form>\n\t\t\t\t\t\t<\/div>\n\t\t\t\t<\/div>\n\t\t\t\t\t\t<\/div>\r\n\t\t\t\t<\/div>\r\n\t\t\t\t\t\t\t\t<\/div>\r\n\t\t\t<\/section>\r\n\t\t\t\t\t<\/div>\n\t\t","protected":false},"excerpt":{"rendered":"<p>News about Beautylaser Subscribe and be informed about our news!<\/p>\n","protected":false},"author":1,"featured_media":0,"parent":0,"menu_order":0,"comment_status":"closed","ping_status":"closed","template":"","meta":{"_acf_changed":false,"footnotes":""},"class_list":["post-2879","page","type-page","status-publish","hentry"],"acf":[],"yoast_head":"<!-- This site is optimized with the Yoast SEO plugin v27.3 - https:\/\/yoast.com\/product\/yoast-seo-wordpress\/ -->\n<title>Newsletter subscription - Optikop Beautylaser<\/title>\n<meta name=\"robots\" content=\"index, follow, max-snippet:-1, max-image-preview:large, max-video-preview:-1\" \/>\n<link rel=\"canonical\" href=\"https:\/\/beautylaser.hu\/en\/newsletter-subscription\/\" \/>\n<meta property=\"og:locale\" content=\"en_GB\" \/>\n<meta property=\"og:type\" content=\"article\" \/>\n<meta property=\"og:title\" content=\"Newsletter subscription - Optikop Beautylaser\" \/>\n<meta property=\"og:description\" content=\"News about Beautylaser Subscribe and be informed about our news!\" \/>\n<meta property=\"og:url\" content=\"https:\/\/beautylaser.hu\/en\/newsletter-subscription\/\" \/>\n<meta property=\"og:site_name\" content=\"Optikop Beautylaser\" \/>\n<meta property=\"article:publisher\" content=\"https:\/\/www.facebook.com\/optikopbeautylaser\" \/>\n<meta property=\"article:modified_time\" content=\"2023-06-05T15:30:27+00:00\" \/>\n<meta property=\"og:image\" content=\"https:\/\/beautylaser.hu\/wp-content\/uploads\/2022\/12\/focimkep-1024x683.jpg\" \/>\n<meta name=\"twitter:card\" content=\"summary_large_image\" \/>\n<script type=\"application\/ld+json\" class=\"yoast-schema-graph\">{\"@context\":\"https:\\\/\\\/schema.org\",\"@graph\":[{\"@type\":\"WebPage\",\"@id\":\"https:\\\/\\\/beautylaser.hu\\\/en\\\/newsletter-subscription\\\/\",\"url\":\"https:\\\/\\\/beautylaser.hu\\\/en\\\/newsletter-subscription\\\/\",\"name\":\"Newsletter subscription - Optikop Beautylaser\",\"isPartOf\":{\"@id\":\"https:\\\/\\\/beautylaser.hu\\\/#website\"},\"primaryImageOfPage\":{\"@id\":\"https:\\\/\\\/beautylaser.hu\\\/en\\\/newsletter-subscription\\\/#primaryimage\"},\"image\":{\"@id\":\"https:\\\/\\\/beautylaser.hu\\\/en\\\/newsletter-subscription\\\/#primaryimage\"},\"thumbnailUrl\":\"https:\\\/\\\/beautylaser.hu\\\/wp-content\\\/uploads\\\/2022\\\/12\\\/focimkep-1024x683.jpg\",\"datePublished\":\"2022-12-12T21:15:19+00:00\",\"dateModified\":\"2023-06-05T15:30:27+00:00\",\"breadcrumb\":{\"@id\":\"https:\\\/\\\/beautylaser.hu\\\/en\\\/newsletter-subscription\\\/#breadcrumb\"},\"inLanguage\":\"en-GB\",\"potentialAction\":[{\"@type\":\"ReadAction\",\"target\":[\"https:\\\/\\\/beautylaser.hu\\\/en\\\/newsletter-subscription\\\/\"]}]},{\"@type\":\"ImageObject\",\"inLanguage\":\"en-GB\",\"@id\":\"https:\\\/\\\/beautylaser.hu\\\/en\\\/newsletter-subscription\\\/#primaryimage\",\"url\":\"https:\\\/\\\/beautylaser.hu\\\/wp-content\\\/uploads\\\/2022\\\/12\\\/focimkep-1024x683.jpg\",\"contentUrl\":\"https:\\\/\\\/beautylaser.hu\\\/wp-content\\\/uploads\\\/2022\\\/12\\\/focimkep-1024x683.jpg\"},{\"@type\":\"BreadcrumbList\",\"@id\":\"https:\\\/\\\/beautylaser.hu\\\/en\\\/newsletter-subscription\\\/#breadcrumb\",\"itemListElement\":[{\"@type\":\"ListItem\",\"position\":1,\"name\":\"Home\",\"item\":\"https:\\\/\\\/beautylaser.hu\\\/en\\\/home\\\/\"},{\"@type\":\"ListItem\",\"position\":2,\"name\":\"Newsletter subscription\"}]},{\"@type\":\"WebSite\",\"@id\":\"https:\\\/\\\/beautylaser.hu\\\/#website\",\"url\":\"https:\\\/\\\/beautylaser.hu\\\/\",\"name\":\"Optikop Beautylaser\",\"description\":\"Optikop Beautylaser | l\u00e1gyl\u00e9zer-kezel\u00e9s\",\"publisher\":{\"@id\":\"https:\\\/\\\/beautylaser.hu\\\/#organization\"},\"potentialAction\":[{\"@type\":\"SearchAction\",\"target\":{\"@type\":\"EntryPoint\",\"urlTemplate\":\"https:\\\/\\\/beautylaser.hu\\\/?s={search_term_string}\"},\"query-input\":{\"@type\":\"PropertyValueSpecification\",\"valueRequired\":true,\"valueName\":\"search_term_string\"}}],\"inLanguage\":\"en-GB\"},{\"@type\":\"Organization\",\"@id\":\"https:\\\/\\\/beautylaser.hu\\\/#organization\",\"name\":\"Gy\u00f3gyl\u00e9zer Csal\u00e1d Kft.\",\"url\":\"https:\\\/\\\/beautylaser.hu\\\/\",\"logo\":{\"@type\":\"ImageObject\",\"inLanguage\":\"en-GB\",\"@id\":\"https:\\\/\\\/beautylaser.hu\\\/#\\\/schema\\\/logo\\\/image\\\/\",\"url\":\"https:\\\/\\\/beautylaser.hu\\\/wp-content\\\/uploads\\\/2022\\\/12\\\/optikop_beautylaser_CMYK_szines_atlatszo.png\",\"contentUrl\":\"https:\\\/\\\/beautylaser.hu\\\/wp-content\\\/uploads\\\/2022\\\/12\\\/optikop_beautylaser_CMYK_szines_atlatszo.png\",\"width\":1999,\"height\":628,\"caption\":\"Gy\u00f3gyl\u00e9zer Csal\u00e1d Kft.\"},\"image\":{\"@id\":\"https:\\\/\\\/beautylaser.hu\\\/#\\\/schema\\\/logo\\\/image\\\/\"},\"sameAs\":[\"https:\\\/\\\/www.facebook.com\\\/optikopbeautylaser\",\"https:\\\/\\\/www.instagram.com\\\/optikopbeautylaser\\\/\"]}]}<\/script>\n<!-- \/ Yoast SEO plugin. -->","yoast_head_json":{"title":"Newsletter subscription - Optikop Beautylaser","robots":{"index":"index","follow":"follow","max-snippet":"max-snippet:-1","max-image-preview":"max-image-preview:large","max-video-preview":"max-video-preview:-1"},"canonical":"https:\/\/beautylaser.hu\/en\/newsletter-subscription\/","og_locale":"en_GB","og_type":"article","og_title":"Newsletter subscription - Optikop Beautylaser","og_description":"News about Beautylaser Subscribe and be informed about our news!","og_url":"https:\/\/beautylaser.hu\/en\/newsletter-subscription\/","og_site_name":"Optikop Beautylaser","article_publisher":"https:\/\/www.facebook.com\/optikopbeautylaser","article_modified_time":"2023-06-05T15:30:27+00:00","og_image":[{"url":"https:\/\/beautylaser.hu\/wp-content\/uploads\/2022\/12\/focimkep-1024x683.jpg","type":"","width":"","height":""}],"twitter_card":"summary_large_image","schema":{"@context":"https:\/\/schema.org","@graph":[{"@type":"WebPage","@id":"https:\/\/beautylaser.hu\/en\/newsletter-subscription\/","url":"https:\/\/beautylaser.hu\/en\/newsletter-subscription\/","name":"Newsletter subscription - Optikop Beautylaser","isPartOf":{"@id":"https:\/\/beautylaser.hu\/#website"},"primaryImageOfPage":{"@id":"https:\/\/beautylaser.hu\/en\/newsletter-subscription\/#primaryimage"},"image":{"@id":"https:\/\/beautylaser.hu\/en\/newsletter-subscription\/#primaryimage"},"thumbnailUrl":"https:\/\/beautylaser.hu\/wp-content\/uploads\/2022\/12\/focimkep-1024x683.jpg","datePublished":"2022-12-12T21:15:19+00:00","dateModified":"2023-06-05T15:30:27+00:00","breadcrumb":{"@id":"https:\/\/beautylaser.hu\/en\/newsletter-subscription\/#breadcrumb"},"inLanguage":"en-GB","potentialAction":[{"@type":"ReadAction","target":["https:\/\/beautylaser.hu\/en\/newsletter-subscription\/"]}]},{"@type":"ImageObject","inLanguage":"en-GB","@id":"https:\/\/beautylaser.hu\/en\/newsletter-subscription\/#primaryimage","url":"https:\/\/beautylaser.hu\/wp-content\/uploads\/2022\/12\/focimkep-1024x683.jpg","contentUrl":"https:\/\/beautylaser.hu\/wp-content\/uploads\/2022\/12\/focimkep-1024x683.jpg"},{"@type":"BreadcrumbList","@id":"https:\/\/beautylaser.hu\/en\/newsletter-subscription\/#breadcrumb","itemListElement":[{"@type":"ListItem","position":1,"name":"Home","item":"https:\/\/beautylaser.hu\/en\/home\/"},{"@type":"ListItem","position":2,"name":"Newsletter subscription"}]},{"@type":"WebSite","@id":"https:\/\/beautylaser.hu\/#website","url":"https:\/\/beautylaser.hu\/","name":"Optikop Beautylaser","description":"Optikop Beautylaser | l\u00e1gyl\u00e9zer-kezel\u00e9s","publisher":{"@id":"https:\/\/beautylaser.hu\/#organization"},"potentialAction":[{"@type":"SearchAction","target":{"@type":"EntryPoint","urlTemplate":"https:\/\/beautylaser.hu\/?s={search_term_string}"},"query-input":{"@type":"PropertyValueSpecification","valueRequired":true,"valueName":"search_term_string"}}],"inLanguage":"en-GB"},{"@type":"Organization","@id":"https:\/\/beautylaser.hu\/#organization","name":"Gy\u00f3gyl\u00e9zer Csal\u00e1d Kft.","url":"https:\/\/beautylaser.hu\/","logo":{"@type":"ImageObject","inLanguage":"en-GB","@id":"https:\/\/beautylaser.hu\/#\/schema\/logo\/image\/","url":"https:\/\/beautylaser.hu\/wp-content\/uploads\/2022\/12\/optikop_beautylaser_CMYK_szines_atlatszo.png","contentUrl":"https:\/\/beautylaser.hu\/wp-content\/uploads\/2022\/12\/optikop_beautylaser_CMYK_szines_atlatszo.png","width":1999,"height":628,"caption":"Gy\u00f3gyl\u00e9zer Csal\u00e1d Kft."},"image":{"@id":"https:\/\/beautylaser.hu\/#\/schema\/logo\/image\/"},"sameAs":["https:\/\/www.facebook.com\/optikopbeautylaser","https:\/\/www.instagram.com\/optikopbeautylaser\/"]}]}},"_links":{"self":[{"href":"https:\/\/beautylaser.hu\/en\/wp-json\/wp\/v2\/pages\/2879","targetHints":{"allow":["GET"]}}],"collection":[{"href":"https:\/\/beautylaser.hu\/en\/wp-json\/wp\/v2\/pages"}],"about":[{"href":"https:\/\/beautylaser.hu\/en\/wp-json\/wp\/v2\/types\/page"}],"author":[{"embeddable":true,"href":"https:\/\/beautylaser.hu\/en\/wp-json\/wp\/v2\/users\/1"}],"replies":[{"embeddable":true,"href":"https:\/\/beautylaser.hu\/en\/wp-json\/wp\/v2\/comments?post=2879"}],"version-history":[{"count":0,"href":"https:\/\/beautylaser.hu\/en\/wp-json\/wp\/v2\/pages\/2879\/revisions"}],"wp:attachment":[{"href":"https:\/\/beautylaser.hu\/en\/wp-json\/wp\/v2\/media?parent=2879"}],"curies":[{"name":"wp","href":"https:\/\/api.w.org\/{rel}","templated":true}]}}