{"id":3150,"date":"2024-03-01T11:34:40","date_gmt":"2024-03-01T10:34:40","guid":{"rendered":"https:\/\/beautylaser.hu\/?page_id=3150"},"modified":"2024-03-01T11:52:40","modified_gmt":"2024-03-01T10:52:40","slug":"original-english-page","status":"publish","type":"page","link":"https:\/\/beautylaser.hu\/en\/original-english-page\/","title":{"rendered":"Original english page"},"content":{"rendered":"\t\t<div data-elementor-type=\"wp-page\" data-elementor-id=\"3150\" class=\"elementor elementor-3150\" data-elementor-post-type=\"page\">\n\t\t\t\t\t\t<section class=\" elementor-section elementor-top-section elementor-element elementor-element-2d7e3c33 elementor-section-boxed elementor-section-height-default elementor-section-height-default\" data-id=\"2d7e3c33\" data-element_type=\"section\" data-e-type=\"section\">\r\n\t\t\t\t\t\t\t\t<div class=\"elementor-container elementor-column-gap-default\">\r\n\t\t\t\t\r\n\t\t\t\t\t\t\t\t<div class=\" elementor-column elementor-col-100 elementor-top-column elementor-element elementor-element-72b779f0 \" data-id=\"72b779f0\" data-element_type=\"column\" data-e-type=\"column\">\r\n\r\n\t\t\t\t\r\n\t\t\t\t<div class=\"elementor-widget-wrap elementor-element-populated\">\r\n\t\t\t\t\t\t\t\t\t\t\r\n\t\t\t\t\t\t<div class=\"elementor-element elementor-element-d807c2b elementor-widget elementor-widget-slider_revolution\" data-id=\"d807c2b\" data-element_type=\"widget\" data-e-type=\"widget\" data-widget_type=\"slider_revolution.default\">\n\t\t\t\t<div class=\"elementor-widget-container\">\n\t\t\t\t\t\n\t\t<div class=\"wp-block-themepunch-revslider\">\n\t\t\t\t<p class=\"rs-p-wp-fix\"><\/p>\n\t\t\t\t<sr7-module data-alias=\"slider-1-1\" data-id=\"2\" id=\"SR7_2_1\" class=\"rs-ov-hidden\" data-version=\"6.7.52\">\n\t\t\t\t\t<sr7-adjuster><\/sr7-adjuster>\n\t\t\t\t\t<sr7-content>\n\t\t\t\t\t\t<sr7-slide id=\"SR7_2_1-5\" data-key=\"5\">\n\t\t\t\t\t\t\t<sr7-bg id=\"SR7_2_1-5-8\" class=\"sr7-layer\"><noscript><img decoding=\"async\" src=\"https:\/\/beautylaser.hu\/wp-content\/uploads\/2022\/11\/gyonyoru-focim-NO-web2_.jpg\" alt=\"\" title=\"gy\u00f6ny\u00f6r\u0171 f\u0151c\u00edm N\u0150-web2_\"><\/noscript><\/sr7-bg>\n\t\t\t\t\t\t\t<sr7-txt id=\"SR7_2_1-5-0\" class=\"sr7-layer\">One of the most popular light therapies<\/sr7-txt>\n\t\t\t\t\t\t\t<sr7-txt id=\"SR7_2_1-5-2\" class=\"sr7-layer\">Soft laser therapy <\/sr7-txt>\n\t\t\t\t\t\t\t<sr7-txt id=\"SR7_2_1-5-4\" class=\"sr7-layer\">in cosmetic practice<\/sr7-txt>\n\t\t\t\t\t\t\t<a id=\"SR7_2_1-5-6\" class=\"sr7-layer\" href=\"https:\/\/beautylaser.hu\/alagylezerrol\/\" target=\"_self\">READ MORE    <i class=\"u-icon-long-arrow-right ms-2\" style=\"font-size: 1.6rem; vertical-align: -.1em\"><\/i><\/a>\n\t\t\t\t\t\t<\/sr7-slide>\n\t\t\t\t\t\t<sr7-slide id=\"SR7_2_1-7\" data-key=\"7\">\n\t\t\t\t\t\t<\/sr7-slide>\n\t\t\t\t\t<\/sr7-content>\n\t\t\t\t\t<image_lists style=\"display:none\">\n\t\t\t\t\t\t<img data-src=\"\/\/beautylaser.hu\/wp-content\/uploads\/2022\/11\/IMG_4259-copy2.jpg\" data-libid=\"2374\" data-lib=\"medialibrary\" title=\"IMG_4259-copy2\" width=\"0\" height=\"0\" data-dbsrc=\"Ly9iZWF1dHlsYXNlci5odS93cC1jb250ZW50L3VwbG9hZHMvMjAyMi8xMS9JTUdfNDI1OS1jb3B5Mi5qcGc=\"\/>\n\t\t\t\t\t\t<img data-src=\"\/\/beautylaser.hu\/wp-content\/uploads\/2022\/11\/gyonyoru-focim-NO-web2_.jpg\" data-libid=\"2402\" data-lib=\"medialibrary\" title=\"gy\u00f6ny\u00f6r\u0171 f\u0151c\u00edm N\u0150-web2_\" width=\"0\" height=\"0\" data-dbsrc=\"Ly9iZWF1dHlsYXNlci5odS93cC1jb250ZW50L3VwbG9hZHMvMjAyMi8xMS9neW9ueW9ydS1mb2NpbS1OTy13ZWIyXy5qcGc=\"\/>\n\t\t\t\t\t\t<img data-src=\"\/\/beautylaser.hu\/wp-content\/uploads\/2023\/01\/Slider_tovabbkepzes-2000_1125.jpg\" data-libid=\"2615\" data-lib=\"medialibrary\" title=\"Slider_tov\u00e1bbk\u00e9pz\u00e9s-2000_1125\" width=\"0\" height=\"0\" data-dbsrc=\"Ly9iZWF1dHlsYXNlci5odS93cC1jb250ZW50L3VwbG9hZHMvMjAyMy8wMS9TbGlkZXJfdG92YWJia2VwemVzLTIwMDBfMTEyNS5qcGc=\"\/>\n\t\t\t\t\t\t<img loading=\"lazy\" data-src=\"\/\/beautylaser.hu\/wp-content\/uploads\/2024\/09\/BEA4.jpg\" data-libid=\"3277\" data-lib=\"medialibrary\" title=\"BEA4\" width=\"0\" height=\"0\" data-dbsrc=\"Ly9iZWF1dHlsYXNlci5odS93cC1jb250ZW50L3VwbG9hZHMvMjAyNC8wOS9CRUE0LmpwZw==\"\/>\n\t\t\t\t\t<\/image_lists>\n\t\t\t\t<\/sr7-module>\n\t\t\t\t<script>\n\t\t\t\t\twindow.SR7 ??={};SR7.PMH ??={}; SR7.PMH[\"SR7_2_1\"] = {cn:100,state:false,fn: function() { if (window._tpt!==undefined && window._tpt.prepareModuleHeight !== undefined) {  _tpt.prepareModuleHeight({id:\"SR7_2_1\",el:[1010,1010,767,959,719],type:'standard',shdw:'0',gh:[1010,1010,768,960,720],gw:[1903,1903,1024,778,480],vpt:['-200px&#039;,&#039;-200px&#039;,&#039;-200px&#039;,&#039;-200px&#039;,&#039;-200px'],size:{fullWidth:true, fullHeight:false},mh:'0',onh:0,onw:0,bg:{color:'{\"type\":\"solid\",\"orig\":\"#4c4c4c\",\"string\":\"rgba(76, 76, 76, 1)\"}'}});   SR7.PMH[\"SR7_2_1\"].state=true;} else if(SR7.PMH[\"SR7_2_1\"].cn-->0)\tsetTimeout( SR7.PMH[\"SR7_2_1\"].fn,19);}};SR7.PMH[\"SR7_2_1\" ].fn();\n\t\t\t\t<\/script>\n<\/div>\n\n\t\t\t\t\t\t<\/div>\n\t\t\t\t<\/div>\n\t\t\t\t\t\t<\/div>\r\n\t\t\t\t<\/div>\r\n\t\t\t\t\t\t\t\t<\/div>\r\n\t\t\t<\/section>\r\n\t\t\t\t\t<\/div>\n\t\t","protected":false},"excerpt":{"rendered":"","protected":false},"author":1,"featured_media":0,"parent":0,"menu_order":0,"comment_status":"closed","ping_status":"closed","template":"","meta":{"_acf_changed":false,"footnotes":""},"class_list":["post-3150","page","type-page","status-publish","hentry"],"acf":[],"yoast_head":"<!-- This site is optimized with the Yoast SEO plugin v27.3 - https:\/\/yoast.com\/product\/yoast-seo-wordpress\/ -->\n<title>Original english page - Optikop Beautylaser<\/title>\n<meta name=\"robots\" content=\"index, follow, max-snippet:-1, max-image-preview:large, max-video-preview:-1\" \/>\n<link rel=\"canonical\" href=\"https:\/\/beautylaser.hu\/en\/original-english-page\/\" \/>\n<meta property=\"og:locale\" content=\"en_GB\" \/>\n<meta property=\"og:type\" content=\"article\" \/>\n<meta property=\"og:title\" content=\"Original english page - Optikop Beautylaser\" \/>\n<meta property=\"og:url\" content=\"https:\/\/beautylaser.hu\/en\/original-english-page\/\" \/>\n<meta property=\"og:site_name\" content=\"Optikop Beautylaser\" \/>\n<meta property=\"article:publisher\" content=\"https:\/\/www.facebook.com\/optikopbeautylaser\" \/>\n<meta property=\"article:modified_time\" content=\"2024-03-01T10:52:40+00:00\" \/>\n<meta name=\"twitter:card\" content=\"summary_large_image\" \/>\n<meta name=\"twitter:label1\" content=\"Estimated reading time\" \/>\n\t<meta name=\"twitter:data1\" content=\"1 minute\" \/>\n<script type=\"application\/ld+json\" class=\"yoast-schema-graph\">{\"@context\":\"https:\\\/\\\/schema.org\",\"@graph\":[{\"@type\":\"WebPage\",\"@id\":\"https:\\\/\\\/beautylaser.hu\\\/en\\\/original-english-page\\\/\",\"url\":\"https:\\\/\\\/beautylaser.hu\\\/en\\\/original-english-page\\\/\",\"name\":\"Original english page - Optikop Beautylaser\",\"isPartOf\":{\"@id\":\"https:\\\/\\\/beautylaser.hu\\\/#website\"},\"datePublished\":\"2024-03-01T10:34:40+00:00\",\"dateModified\":\"2024-03-01T10:52:40+00:00\",\"breadcrumb\":{\"@id\":\"https:\\\/\\\/beautylaser.hu\\\/en\\\/original-english-page\\\/#breadcrumb\"},\"inLanguage\":\"en-GB\",\"potentialAction\":[{\"@type\":\"ReadAction\",\"target\":[\"https:\\\/\\\/beautylaser.hu\\\/en\\\/original-english-page\\\/\"]}]},{\"@type\":\"BreadcrumbList\",\"@id\":\"https:\\\/\\\/beautylaser.hu\\\/en\\\/original-english-page\\\/#breadcrumb\",\"itemListElement\":[{\"@type\":\"ListItem\",\"position\":1,\"name\":\"Home\",\"item\":\"https:\\\/\\\/beautylaser.hu\\\/en\\\/home\\\/\"},{\"@type\":\"ListItem\",\"position\":2,\"name\":\"Original english page\"}]},{\"@type\":\"WebSite\",\"@id\":\"https:\\\/\\\/beautylaser.hu\\\/#website\",\"url\":\"https:\\\/\\\/beautylaser.hu\\\/\",\"name\":\"Optikop Beautylaser\",\"description\":\"Optikop Beautylaser | l\u00e1gyl\u00e9zer-kezel\u00e9s\",\"publisher\":{\"@id\":\"https:\\\/\\\/beautylaser.hu\\\/#organization\"},\"potentialAction\":[{\"@type\":\"SearchAction\",\"target\":{\"@type\":\"EntryPoint\",\"urlTemplate\":\"https:\\\/\\\/beautylaser.hu\\\/?s={search_term_string}\"},\"query-input\":{\"@type\":\"PropertyValueSpecification\",\"valueRequired\":true,\"valueName\":\"search_term_string\"}}],\"inLanguage\":\"en-GB\"},{\"@type\":\"Organization\",\"@id\":\"https:\\\/\\\/beautylaser.hu\\\/#organization\",\"name\":\"Gy\u00f3gyl\u00e9zer Csal\u00e1d Kft.\",\"url\":\"https:\\\/\\\/beautylaser.hu\\\/\",\"logo\":{\"@type\":\"ImageObject\",\"inLanguage\":\"en-GB\",\"@id\":\"https:\\\/\\\/beautylaser.hu\\\/#\\\/schema\\\/logo\\\/image\\\/\",\"url\":\"https:\\\/\\\/beautylaser.hu\\\/wp-content\\\/uploads\\\/2022\\\/12\\\/optikop_beautylaser_CMYK_szines_atlatszo.png\",\"contentUrl\":\"https:\\\/\\\/beautylaser.hu\\\/wp-content\\\/uploads\\\/2022\\\/12\\\/optikop_beautylaser_CMYK_szines_atlatszo.png\",\"width\":1999,\"height\":628,\"caption\":\"Gy\u00f3gyl\u00e9zer Csal\u00e1d Kft.\"},\"image\":{\"@id\":\"https:\\\/\\\/beautylaser.hu\\\/#\\\/schema\\\/logo\\\/image\\\/\"},\"sameAs\":[\"https:\\\/\\\/www.facebook.com\\\/optikopbeautylaser\",\"https:\\\/\\\/www.instagram.com\\\/optikopbeautylaser\\\/\"]}]}<\/script>\n<!-- \/ Yoast SEO plugin. -->","yoast_head_json":{"title":"Original english page - Optikop Beautylaser","robots":{"index":"index","follow":"follow","max-snippet":"max-snippet:-1","max-image-preview":"max-image-preview:large","max-video-preview":"max-video-preview:-1"},"canonical":"https:\/\/beautylaser.hu\/en\/original-english-page\/","og_locale":"en_GB","og_type":"article","og_title":"Original english page - Optikop Beautylaser","og_url":"https:\/\/beautylaser.hu\/en\/original-english-page\/","og_site_name":"Optikop Beautylaser","article_publisher":"https:\/\/www.facebook.com\/optikopbeautylaser","article_modified_time":"2024-03-01T10:52:40+00:00","twitter_card":"summary_large_image","twitter_misc":{"Estimated reading time":"1 minute"},"schema":{"@context":"https:\/\/schema.org","@graph":[{"@type":"WebPage","@id":"https:\/\/beautylaser.hu\/en\/original-english-page\/","url":"https:\/\/beautylaser.hu\/en\/original-english-page\/","name":"Original english page - Optikop Beautylaser","isPartOf":{"@id":"https:\/\/beautylaser.hu\/#website"},"datePublished":"2024-03-01T10:34:40+00:00","dateModified":"2024-03-01T10:52:40+00:00","breadcrumb":{"@id":"https:\/\/beautylaser.hu\/en\/original-english-page\/#breadcrumb"},"inLanguage":"en-GB","potentialAction":[{"@type":"ReadAction","target":["https:\/\/beautylaser.hu\/en\/original-english-page\/"]}]},{"@type":"BreadcrumbList","@id":"https:\/\/beautylaser.hu\/en\/original-english-page\/#breadcrumb","itemListElement":[{"@type":"ListItem","position":1,"name":"Home","item":"https:\/\/beautylaser.hu\/en\/home\/"},{"@type":"ListItem","position":2,"name":"Original english page"}]},{"@type":"WebSite","@id":"https:\/\/beautylaser.hu\/#website","url":"https:\/\/beautylaser.hu\/","name":"Optikop Beautylaser","description":"Optikop Beautylaser | l\u00e1gyl\u00e9zer-kezel\u00e9s","publisher":{"@id":"https:\/\/beautylaser.hu\/#organization"},"potentialAction":[{"@type":"SearchAction","target":{"@type":"EntryPoint","urlTemplate":"https:\/\/beautylaser.hu\/?s={search_term_string}"},"query-input":{"@type":"PropertyValueSpecification","valueRequired":true,"valueName":"search_term_string"}}],"inLanguage":"en-GB"},{"@type":"Organization","@id":"https:\/\/beautylaser.hu\/#organization","name":"Gy\u00f3gyl\u00e9zer Csal\u00e1d Kft.","url":"https:\/\/beautylaser.hu\/","logo":{"@type":"ImageObject","inLanguage":"en-GB","@id":"https:\/\/beautylaser.hu\/#\/schema\/logo\/image\/","url":"https:\/\/beautylaser.hu\/wp-content\/uploads\/2022\/12\/optikop_beautylaser_CMYK_szines_atlatszo.png","contentUrl":"https:\/\/beautylaser.hu\/wp-content\/uploads\/2022\/12\/optikop_beautylaser_CMYK_szines_atlatszo.png","width":1999,"height":628,"caption":"Gy\u00f3gyl\u00e9zer Csal\u00e1d Kft."},"image":{"@id":"https:\/\/beautylaser.hu\/#\/schema\/logo\/image\/"},"sameAs":["https:\/\/www.facebook.com\/optikopbeautylaser","https:\/\/www.instagram.com\/optikopbeautylaser\/"]}]}},"_links":{"self":[{"href":"https:\/\/beautylaser.hu\/en\/wp-json\/wp\/v2\/pages\/3150","targetHints":{"allow":["GET"]}}],"collection":[{"href":"https:\/\/beautylaser.hu\/en\/wp-json\/wp\/v2\/pages"}],"about":[{"href":"https:\/\/beautylaser.hu\/en\/wp-json\/wp\/v2\/types\/page"}],"author":[{"embeddable":true,"href":"https:\/\/beautylaser.hu\/en\/wp-json\/wp\/v2\/users\/1"}],"replies":[{"embeddable":true,"href":"https:\/\/beautylaser.hu\/en\/wp-json\/wp\/v2\/comments?post=3150"}],"version-history":[{"count":0,"href":"https:\/\/beautylaser.hu\/en\/wp-json\/wp\/v2\/pages\/3150\/revisions"}],"wp:attachment":[{"href":"https:\/\/beautylaser.hu\/en\/wp-json\/wp\/v2\/media?parent=3150"}],"curies":[{"name":"wp","href":"https:\/\/api.w.org\/{rel}","templated":true}]}}