{"id":8,"date":"2021-09-30T18:44:04","date_gmt":"2021-09-30T18:44:04","guid":{"rendered":"https:\/\/d-themes.com\/wordpress\/udesign\/dummy\/health-coach\/?page_id=8"},"modified":"2024-02-21T04:50:29","modified_gmt":"2024-02-21T03:50:29","slug":"about-us","status":"publish","type":"page","link":"https:\/\/beautylaser.hu\/en\/about-us\/","title":{"rendered":"About Us demo"},"content":{"rendered":"\t\t<div data-elementor-type=\"wp-page\" data-elementor-id=\"8\" class=\"elementor elementor-8\" data-elementor-post-type=\"page\">\n\t\t\t\t\t\t<div class=\" elementor-section elementor-top-section elementor-element elementor-element-fdb8937 elementor-section-content-middle mb-10 elementor-reverse-mobile elementor-section-boxed elementor-section-height-default elementor-section-height-default\" data-id=\"fdb8937\" data-element_type=\"section\" data-e-type=\"section\" data-settings=\"{&quot;background_background&quot;:&quot;classic&quot;}\">\r\n\t\t\t\t\t\t\t\t<div class=\"elementor-container elementor-column-gap-default\">\r\n\t\t\t\t\r\n\t\t\t\t\t\t\t\t<div class=\" elementor-column elementor-col-50 elementor-top-column elementor-element elementor-element-981aef7 \" data-id=\"981aef7\" data-element_type=\"column\" data-e-type=\"column\">\r\n\r\n\t\t\t\t\r\n\t\t\t\t<div class=\"elementor-widget-wrap elementor-element-populated\">\r\n\t\t\t\t\t\t\t\t\t\t\r\n\t\t\t\t\t\t<div class=\"elementor-element elementor-element-293ce68 elementor-invisible elementor-widget elementor-widget-heading\" data-id=\"293ce68\" data-element_type=\"widget\" data-e-type=\"widget\" data-settings=\"{&quot;_animation&quot;:&quot;fadeInUpShorter&quot;,&quot;_animation_delay&quot;:400}\" data-widget_type=\"heading.default\">\n\t\t\t\t<div class=\"elementor-widget-container\">\n\t\t\t\t\t<h2 class=\"elementor-heading-title elementor-size-default\">Hi, My name is <span class=\"text-primary\">Mia Zinnia<\/span><br>\nand I\u2019m a certified<br>\n<span class=\"text-primary\">Health coach<\/span><\/h2>\t\t\t\t<\/div>\n\t\t\t\t<\/div>\n\t\t\t\t<div class=\"elementor-element elementor-element-3f9c11a elementor-widget__width-initial elementor-widget-mobile__width-initial elementor-invisible elementor-widget elementor-widget-heading\" data-id=\"3f9c11a\" data-element_type=\"widget\" data-e-type=\"widget\" data-settings=\"{&quot;_animation&quot;:&quot;fadeInUpShorter&quot;,&quot;_animation_delay&quot;:600}\" data-widget_type=\"heading.default\">\n\t\t\t\t<div class=\"elementor-widget-container\">\n\t\t\t\t\t<h3 class=\"elementor-heading-title elementor-size-default\">Welcome to my blog where I share my recipes and ideas to inspire a health, balanced and sustainable lifestyle.<\/h3>\t\t\t\t<\/div>\n\t\t\t\t<\/div>\n\t\t\t\t<div class=\"elementor-element elementor-element-90850b0 elementor-widget__width-initial elementor-widget-mobile__width-initial elementor-invisible elementor-widget elementor-widget-heading\" data-id=\"90850b0\" data-element_type=\"widget\" data-e-type=\"widget\" data-settings=\"{&quot;_animation&quot;:&quot;fadeInUpShorter&quot;,&quot;_animation_delay&quot;:800}\" data-widget_type=\"heading.default\">\n\t\t\t\t<div class=\"elementor-widget-container\">\n\t\t\t\t\t<p class=\"elementor-heading-title elementor-size-default\">I am certified wellness coach and healthy living expert, fitness trainer and yoga teacher and writer. I would like to be your guide to a practical approach to a healthy lifestyle.<\/p>\t\t\t\t<\/div>\n\t\t\t\t<\/div>\n\t\t\t\t<div class=\"elementor-element elementor-element-aac10a0 elementor-icon-list--layout-inline elementor-invisible elementor-widget elementor-widget-udesign_widget_iconlist\" data-id=\"aac10a0\" data-element_type=\"widget\" data-e-type=\"widget\" data-settings=\"{&quot;_animation&quot;:&quot;fadeInUpShorter&quot;,&quot;_animation_delay&quot;:1000}\" data-widget_type=\"udesign_widget_iconlist.default\">\n\t\t\t\t<div class=\"elementor-widget-container\">\n\t\t\t\t\t<ul class=\"elementor-icon-list-items elementor-inline-items\">\r\n\t\t\t<li class=\"elementor-icon-list-item elementor-inline-item elementor-repeater-item-4afd4ee\">\r\n\t\t\t\t\t\t<span class=\"elementor-icon-list-text\"><label class=\"font-weight-semi-bold text-uppercase\">Phone:<\/label><a href=\"tel:000123456789\" class=\"d-block\">+000 123-456-789<\/a><\/span>\r\n\t\t\t\t\t\t\t\t<\/li>\r\n\t\t\t\t<li class=\"elementor-icon-list-item elementor-inline-item elementor-repeater-item-45fe314\">\r\n\t\t\t\t\t\t<span class=\"elementor-icon-list-text\"><label class=\"font-weight-semi-bold text-uppercase\">Email:<\/label><a href=\"mailto:#\" class=\"d-block\">MiaZinnia@udesigntheme.com<\/a><\/span>\r\n\t\t\t\t\t\t\t\t<\/li>\r\n\t\t<\/ul>\r\n\t\t\t\t<\/div>\n\t\t\t\t<\/div>\n\t\t\t\t\t\t<\/div>\r\n\t\t\t\t<\/div>\r\n\t\t\t\t\t\t\t\t\t<div class=\" elementor-column elementor-col-50 elementor-top-column elementor-element elementor-element-e6ccbf2 \" data-id=\"e6ccbf2\" data-element_type=\"column\" data-e-type=\"column\">\r\n\r\n\t\t\t\t\r\n\t\t\t\t<div class=\"elementor-widget-wrap elementor-element-populated\">\r\n\t\t\t\t\t\t\t\t\t\t\r\n\t\t\t\t\t\t<div class=\"elementor-element elementor-element-dfa7ee3 elementor-invisible elementor-widget elementor-widget-image\" data-id=\"dfa7ee3\" data-element_type=\"widget\" data-e-type=\"widget\" data-settings=\"{&quot;_animation&quot;:&quot;fadeInRightShorter&quot;}\" data-widget_type=\"image.default\">\n\t\t\t\t<div class=\"elementor-widget-container\">\n\t\t\t\t\t\t\t\t\t\t\t\t\t\t\t<img decoding=\"async\" src=\"https:\/\/d-themes.com\/wordpress\/udesign\/dummy\/wp-content\/uploads\/sites\/13\/2022\/06\/women.png\" title=\"\" alt=\"banner image\" loading=\"lazy\" \/>\t\t\t\t\t\t\t\t\t\t\t\t\t\t\t<\/div>\n\t\t\t\t<\/div>\n\t\t\t\t\t\t<\/div>\r\n\t\t\t\t<\/div>\r\n\t\t\t\t\t\t\t\t<\/div>\r\n\t\t\t<\/div>\r\n\t\t\t\t\t<div class=\" elementor-section elementor-top-section elementor-element elementor-element-ba3a554 pt-7 elementor-section-boxed elementor-section-height-default elementor-section-height-default\" data-id=\"ba3a554\" data-element_type=\"section\" data-e-type=\"section\">\r\n\t\t\t\t\t\t\t\t<div class=\"elementor-container elementor-column-gap-default\">\r\n\t\t\t\t\r\n\t\t\t\t\t\t\t\t<div class=\" elementor-column elementor-col-100 elementor-top-column elementor-element elementor-element-b41eeac \" data-id=\"b41eeac\" data-element_type=\"column\" data-e-type=\"column\">\r\n\r\n\t\t\t\t\r\n\t\t\t\t<div class=\"elementor-widget-wrap elementor-element-populated\">\r\n\t\t\t\t\t\t\t\t\t\t\r\n\t\t\t\t\t\t<div class=\"elementor-element elementor-element-ffd9f3e elementor-invisible elementor-widget elementor-widget-heading\" data-id=\"ffd9f3e\" data-element_type=\"widget\" data-e-type=\"widget\" data-settings=\"{&quot;_animation&quot;:&quot;fadeInUpShorter&quot;}\" data-widget_type=\"heading.default\">\n\t\t\t\t<div class=\"elementor-widget-container\">\n\t\t\t\t\t<h2 class=\"elementor-heading-title elementor-size-default\">My experience<\/h2>\t\t\t\t<\/div>\n\t\t\t\t<\/div>\n\t\t\t\t<div class=\"elementor-element elementor-element-fd49836 elementor-view-default elementor-invisible elementor-widget elementor-widget-icon\" data-id=\"fd49836\" data-element_type=\"widget\" data-e-type=\"widget\" data-settings=\"{&quot;_animation&quot;:&quot;fadeInUpShorter&quot;}\" data-widget_type=\"icon.default\">\n\t\t\t\t<div class=\"elementor-widget-container\">\n\t\t\t\t\t\t\t<div class=\"elementor-icon-wrapper\">\n\t\t\t<div class=\"elementor-icon\">\n\t\t\t<i aria-hidden=\"true\" class=\"  u-icon-quote\"><\/i>\t\t\t<\/div>\n\t\t<\/div>\n\t\t\t\t\t\t<\/div>\n\t\t\t\t<\/div>\n\t\t\t\t<div class=\"elementor-element elementor-element-94c677a mx-auto mb-7 elementor-widget__width-initial elementor-invisible elementor-widget elementor-widget-heading\" data-id=\"94c677a\" data-element_type=\"widget\" data-e-type=\"widget\" data-settings=\"{&quot;_animation&quot;:&quot;fadeInUpShorter&quot;,&quot;_animation_delay&quot;:400}\" data-widget_type=\"heading.default\">\n\t\t\t\t<div class=\"elementor-widget-container\">\n\t\t\t\t\t<p class=\"elementor-heading-title elementor-size-default\">My clients - people are diverse, but one thing unites all: an \nactive position in life<\/p>\t\t\t\t<\/div>\n\t\t\t\t<\/div>\n\t\t\t\t<div class=\"elementor-element elementor-element-f645319 mb-10 pb-10 elementor-invisible elementor-widget elementor-widget-udesign_widget_counters\" data-id=\"f645319\" data-element_type=\"widget\" data-e-type=\"widget\" data-settings=\"{&quot;_animation&quot;:&quot;fadeInUpShorter&quot;,&quot;_animation_delay&quot;:600}\" data-widget_type=\"udesign_widget_counters.default\">\n\t\t\t\t<div class=\"elementor-widget-container\">\n\t\t\t\t\t<div class=\"counters   row cols-lg-4 cols-md-2 cols-sm-2 cols-1\" ><div class=\"grid-col\"><div class=\"counter\"><div class=\"counter-number\"><span class=\"count-to\" data-speed=\"3000\" data-to=\"10\">0<\/span><span class=\"counter-number-suffix\">+<\/span><\/div><div class=\"counter-content\"><h3 class=\"count-title\">Years of health coaching  experience<\/h3><\/div><\/div><\/div><div class=\"grid-col\"><div class=\"counter\"><div class=\"counter-number\"><span class=\"count-to\" data-speed=\"3000\" data-to=\"3000\">0<\/span><span class=\"counter-number-suffix\">+<\/span><\/div><div class=\"counter-content\"><h3 class=\"count-title\">Happy customers with References<\/h3><\/div><\/div><\/div><div class=\"grid-col\"><div class=\"counter\"><div class=\"counter-number\"><span class=\"count-to\" data-speed=\"3000\" data-to=\"40\">0<\/span><span class=\"counter-number-suffix\">+<\/span><\/div><div class=\"counter-content\"><h3 class=\"count-title\">Contests & conferences attended<\/h3><\/div><\/div><\/div><div class=\"grid-col\"><div class=\"counter\"><div class=\"counter-number\"><span class=\"count-to\" data-speed=\"3000\" data-to=\"90\">0<\/span><span class=\"counter-number-suffix\">+<\/span><\/div><div class=\"counter-content\"><h3 class=\"count-title\">Happy customers with References<\/h3><\/div><\/div><\/div><\/div>\t\t\t\t<\/div>\n\t\t\t\t<\/div>\n\t\t\t\t<div class=\"elementor-element elementor-element-f9a6a82 pt-2 pb-5 elementor-invisible elementor-widget elementor-widget-heading\" data-id=\"f9a6a82\" data-element_type=\"widget\" data-e-type=\"widget\" data-settings=\"{&quot;_animation&quot;:&quot;fadeInUpShorter&quot;}\" data-widget_type=\"heading.default\">\n\t\t\t\t<div class=\"elementor-widget-container\">\n\t\t\t\t\t<h2 class=\"elementor-heading-title elementor-size-default\">Fun facts about me<\/h2>\t\t\t\t<\/div>\n\t\t\t\t<\/div>\n\t\t\t\t\t\t<\/div>\r\n\t\t\t\t<\/div>\r\n\t\t\t\t\t\t\t\t<\/div>\r\n\t\t\t<\/div>\r\n\t\t\t\t\t<div class=\" elementor-section elementor-top-section elementor-element elementor-element-2d66ecd elementor-section-content-middle elementor-section-boxed elementor-section-height-default elementor-section-height-default\" data-id=\"2d66ecd\" data-element_type=\"section\" data-e-type=\"section\">\r\n\t\t\t\t\t\t\t\t<div class=\"elementor-container elementor-column-gap-default\">\r\n\t\t\t\t\r\n\t\t\t\t\t\t\t\t<div class=\" elementor-column elementor-col-50 elementor-top-column elementor-element elementor-element-915aa34 \" data-id=\"915aa34\" data-element_type=\"column\" data-e-type=\"column\">\r\n\r\n\t\t\t\t\r\n\t\t\t\t<div class=\"elementor-widget-wrap elementor-element-populated\">\r\n\t\t\t\t\t\t\t\t\t\t\r\n\t\t\t\t\t\t<div data-plugin=\"scrolling\" data-options=\"{&quot;from&quot;:{&quot;x&quot;:0,&quot;y&quot;:0,&quot;scale&quot;:1},&quot;to&quot;:{&quot;x&quot;:0,&quot;y&quot;:0,&quot;scale&quot;:1.2},&quot;smooth&quot;:&quot;10&quot;}\" class=\"elementor-element elementor-element-60ec96a mt-md-6 elementor-invisible elementor-widget elementor-widget-image\" data-id=\"60ec96a\" data-element_type=\"widget\" data-e-type=\"widget\" data-settings=\"{&quot;_animation&quot;:&quot;fadeIn&quot;}\" data-widget_type=\"image.default\">\n\t\t\t\t<div class=\"elementor-widget-container\">\n\t\t\t\t\t\t\t\t\t\t\t\t\t\t\t<img decoding=\"async\" src=\"https:\/\/d-themes.com\/wordpress\/udesign\/dummy\/wp-content\/uploads\/sites\/13\/2021\/10\/diet-1.png\" title=\"\" alt=\"Diet Image\" loading=\"lazy\" \/>\t\t\t\t\t\t\t\t\t\t\t\t\t\t\t<\/div>\n\t\t\t\t<\/div>\n\t\t\t\t\t\t<\/div>\r\n\t\t\t\t<\/div>\r\n\t\t\t\t\t\t\t\t\t<div class=\" elementor-column elementor-col-50 elementor-top-column elementor-element elementor-element-a4f4be3 \" data-id=\"a4f4be3\" data-element_type=\"column\" data-e-type=\"column\">\r\n\r\n\t\t\t\t\r\n\t\t\t\t<div class=\"elementor-widget-wrap elementor-element-populated\">\r\n\t\t\t\t\t\t\t\t\t\t\r\n\t\t\t\t\t\t<div class=\"elementor-element elementor-element-d8ab2fc elementor-invisible elementor-widget elementor-widget-heading\" data-id=\"d8ab2fc\" data-element_type=\"widget\" data-e-type=\"widget\" data-settings=\"{&quot;_animation&quot;:&quot;fadeInUpShorter&quot;,&quot;_animation_delay&quot;:400}\" data-widget_type=\"heading.default\">\n\t\t\t\t<div class=\"elementor-widget-container\">\n\t\t\t\t\t<h3 class=\"elementor-heading-title elementor-size-default\">Professional bio<\/h3>\t\t\t\t<\/div>\n\t\t\t\t<\/div>\n\t\t\t\t<div class=\"elementor-element elementor-element-d456bef elementor-invisible elementor-widget elementor-widget-heading\" data-id=\"d456bef\" data-element_type=\"widget\" data-e-type=\"widget\" data-settings=\"{&quot;_animation&quot;:&quot;fadeInUpShorter&quot;,&quot;_animation_delay&quot;:500}\" data-widget_type=\"heading.default\">\n\t\t\t\t<div class=\"elementor-widget-container\">\n\t\t\t\t\t<p class=\"elementor-heading-title elementor-size-default\">Praesent id enim sit amet.Tdio vulputate eleifend in in tortor. ellus massa. siti\niMassa ristique sit amet condim vel, facilisis.<\/p>\t\t\t\t<\/div>\n\t\t\t\t<\/div>\n\t\t\t\t<div class=\"elementor-element elementor-element-7f9a7ae custom-list elementor-icon-list--layout-traditional elementor-invisible elementor-widget elementor-widget-udesign_widget_iconlist\" data-id=\"7f9a7ae\" data-element_type=\"widget\" data-e-type=\"widget\" data-settings=\"{&quot;_animation&quot;:&quot;fadeInUpShorter&quot;,&quot;_animation_delay&quot;:600}\" data-widget_type=\"udesign_widget_iconlist.default\">\n\t\t\t\t<div class=\"elementor-widget-container\">\n\t\t\t\t\t<ul class=\"elementor-icon-list-items\">\r\n\t\t\t<li class=\"elementor-icon-list-item elementor-repeater-item-774795b\">\r\n\t\t\t\t\t\t\t<span class=\"elementor-icon-list-icon\">\r\n\t\t\t\t<i aria-hidden=\"true\" class=\"a-icon-check\"><\/i>\t\t\t\t<\/span>\r\n\t\t\t\t\t\t<span class=\"elementor-icon-list-text\">Praesent id enim sit amet.Tdio vulputate <\/span>\r\n\t\t\t\t\t\t\t\t<\/li>\r\n\t\t\t\t<li class=\"elementor-icon-list-item elementor-repeater-item-260c01c\">\r\n\t\t\t\t\t\t\t<span class=\"elementor-icon-list-icon\">\r\n\t\t\t\t<i aria-hidden=\"true\" class=\"a-icon-check\"><\/i>\t\t\t\t<\/span>\r\n\t\t\t\t\t\t<span class=\"elementor-icon-list-text\">Eleifend in in tortor. ellus massa.Dristique sitii<\/span>\r\n\t\t\t\t\t\t\t\t<\/li>\r\n\t\t\t\t<li class=\"elementor-icon-list-item elementor-repeater-item-09a966c\">\r\n\t\t\t\t\t\t\t<span class=\"elementor-icon-list-icon\">\r\n\t\t\t\t<i aria-hidden=\"true\" class=\"a-icon-check\"><\/i>\t\t\t\t<\/span>\r\n\t\t\t\t\t\t<span class=\"elementor-icon-list-text\">Massa ristique sit amet condim vel<\/span>\r\n\t\t\t\t\t\t\t\t<\/li>\r\n\t\t<\/ul>\r\n\t\t\t\t<\/div>\n\t\t\t\t<\/div>\n\t\t\t\t<div class=\"elementor-element elementor-element-b1c935a mb-4 elementor-invisible elementor-widget elementor-widget-heading\" data-id=\"b1c935a\" data-element_type=\"widget\" data-e-type=\"widget\" data-settings=\"{&quot;_animation&quot;:&quot;fadeInUpShorter&quot;,&quot;_animation_delay&quot;:700}\" data-widget_type=\"heading.default\">\n\t\t\t\t<div class=\"elementor-widget-container\">\n\t\t\t\t\t<h4 class=\"elementor-heading-title elementor-size-default\">How I become a health coach<\/h4>\t\t\t\t<\/div>\n\t\t\t\t<\/div>\n\t\t\t\t<div class=\"elementor-element elementor-element-5ada4c4 elementor-invisible elementor-widget elementor-widget-heading\" data-id=\"5ada4c4\" data-element_type=\"widget\" data-e-type=\"widget\" data-settings=\"{&quot;_animation&quot;:&quot;fadeInUpShorter&quot;,&quot;_animation_delay&quot;:800}\" data-widget_type=\"heading.default\">\n\t\t\t\t<div class=\"elementor-widget-container\">\n\t\t\t\t\t<p class=\"elementor-heading-title elementor-size-default\">Lorem ipsum dolor sit amet, consectetur adipiscing elit, sed do eiusmod \ntempor incididunt ut labore et dolore magna aliqua. Venenatis tellus in \nmetus vulputate eu scelerisque felis.<br>\nVel pretium lectus quam id leo in vitae turpis massa. Nunc id cursus \nmetus aliquam. Libero id faucibus nisl tincidunt eget. \nAliquam id diam maecenas ultricies mi eget mauris.<\/p>\t\t\t\t<\/div>\n\t\t\t\t<\/div>\n\t\t\t\t<div class=\"elementor-element elementor-element-de375e1 elementor-invisible elementor-widget elementor-widget-udesign_widget_button\" data-id=\"de375e1\" data-element_type=\"widget\" data-e-type=\"widget\" data-settings=\"{&quot;_animation&quot;:&quot;fadeInUpShorter&quot;,&quot;_animation_delay&quot;:900}\" data-widget_type=\"udesign_widget_button.default\">\n\t\t\t\t<div class=\"elementor-widget-container\">\n\t\t\t\t\t<a class=\"btn btn-rounded btn-dark\" href=\"https:\/\/d-themes.com\/wordpress\/udesign\/health-coach\/contact-us\/\" ><span >Work with Me<\/span><\/a>\t\t\t\t<\/div>\n\t\t\t\t<\/div>\n\t\t\t\t\t\t<\/div>\r\n\t\t\t\t<\/div>\r\n\t\t\t\t\t\t\t\t<\/div>\r\n\t\t\t<\/div>\r\n\t\t\t\t\t<\/div>\n\t\t","protected":false},"excerpt":{"rendered":"<p>Hi, My name is Mia Zinnia and I\u2019m a certified Health coach Welcome to my blog where I share my recipes and ideas to inspire a health, balanced and sustainable [&hellip;]<\/p>\n","protected":false},"author":1,"featured_media":0,"parent":0,"menu_order":0,"comment_status":"closed","ping_status":"closed","template":"","meta":{"_acf_changed":false,"footnotes":""},"class_list":["post-8","page","type-page","status-publish","hentry"],"acf":[],"yoast_head":"<!-- This site is optimized with the Yoast SEO plugin v27.3 - https:\/\/yoast.com\/product\/yoast-seo-wordpress\/ -->\n<title>About Us demo - Optikop Beautylaser<\/title>\n<meta name=\"robots\" content=\"index, follow, max-snippet:-1, max-image-preview:large, max-video-preview:-1\" \/>\n<link rel=\"canonical\" href=\"https:\/\/beautylaser.hu\/en\/about-us\/\" \/>\n<meta property=\"og:locale\" content=\"en_GB\" \/>\n<meta property=\"og:type\" content=\"article\" \/>\n<meta property=\"og:title\" content=\"About Us demo - Optikop Beautylaser\" \/>\n<meta property=\"og:description\" content=\"Hi, My name is Mia Zinnia and I\u2019m a certified Health coach Welcome to my blog where I share my recipes and ideas to inspire a health, balanced and sustainable [&hellip;]\" \/>\n<meta property=\"og:url\" content=\"https:\/\/beautylaser.hu\/en\/about-us\/\" \/>\n<meta property=\"og:site_name\" content=\"Optikop Beautylaser\" \/>\n<meta property=\"article:publisher\" content=\"https:\/\/www.facebook.com\/optikopbeautylaser\" \/>\n<meta property=\"article:modified_time\" content=\"2024-02-21T03:50:29+00:00\" \/>\n<meta property=\"og:image\" content=\"https:\/\/d-themes.com\/wordpress\/udesign\/dummy\/wp-content\/uploads\/sites\/13\/2022\/06\/women.png\" \/>\n<meta name=\"twitter:card\" content=\"summary_large_image\" \/>\n<meta name=\"twitter:label1\" content=\"Estimated reading time\" \/>\n\t<meta name=\"twitter:data1\" content=\"2 minutes\" \/>\n<script type=\"application\/ld+json\" class=\"yoast-schema-graph\">{\"@context\":\"https:\\\/\\\/schema.org\",\"@graph\":[{\"@type\":\"WebPage\",\"@id\":\"https:\\\/\\\/beautylaser.hu\\\/en\\\/about-us\\\/\",\"url\":\"https:\\\/\\\/beautylaser.hu\\\/en\\\/about-us\\\/\",\"name\":\"About Us demo - Optikop Beautylaser\",\"isPartOf\":{\"@id\":\"https:\\\/\\\/beautylaser.hu\\\/#website\"},\"primaryImageOfPage\":{\"@id\":\"https:\\\/\\\/beautylaser.hu\\\/en\\\/about-us\\\/#primaryimage\"},\"image\":{\"@id\":\"https:\\\/\\\/beautylaser.hu\\\/en\\\/about-us\\\/#primaryimage\"},\"thumbnailUrl\":\"https:\\\/\\\/d-themes.com\\\/wordpress\\\\\\\/udesign\\\/dummy\\\/wp-content\\\/uploads\\\/sites\\\/13\\\/2022\\\/06\\\/women.png\",\"datePublished\":\"2021-09-30T18:44:04+00:00\",\"dateModified\":\"2024-02-21T03:50:29+00:00\",\"breadcrumb\":{\"@id\":\"https:\\\/\\\/beautylaser.hu\\\/en\\\/about-us\\\/#breadcrumb\"},\"inLanguage\":\"en-GB\",\"potentialAction\":[{\"@type\":\"ReadAction\",\"target\":[\"https:\\\/\\\/beautylaser.hu\\\/en\\\/about-us\\\/\"]}]},{\"@type\":\"ImageObject\",\"inLanguage\":\"en-GB\",\"@id\":\"https:\\\/\\\/beautylaser.hu\\\/en\\\/about-us\\\/#primaryimage\",\"url\":\"https:\\\/\\\/d-themes.com\\\/wordpress\\\\\\\/udesign\\\/dummy\\\/wp-content\\\/uploads\\\/sites\\\/13\\\/2022\\\/06\\\/women.png\",\"contentUrl\":\"https:\\\/\\\/d-themes.com\\\/wordpress\\\\\\\/udesign\\\/dummy\\\/wp-content\\\/uploads\\\/sites\\\/13\\\/2022\\\/06\\\/women.png\"},{\"@type\":\"BreadcrumbList\",\"@id\":\"https:\\\/\\\/beautylaser.hu\\\/en\\\/about-us\\\/#breadcrumb\",\"itemListElement\":[{\"@type\":\"ListItem\",\"position\":1,\"name\":\"Home\",\"item\":\"https:\\\/\\\/beautylaser.hu\\\/en\\\/home\\\/\"},{\"@type\":\"ListItem\",\"position\":2,\"name\":\"About Us demo\"}]},{\"@type\":\"WebSite\",\"@id\":\"https:\\\/\\\/beautylaser.hu\\\/#website\",\"url\":\"https:\\\/\\\/beautylaser.hu\\\/\",\"name\":\"Optikop Beautylaser\",\"description\":\"Optikop Beautylaser | l\u00e1gyl\u00e9zer-kezel\u00e9s\",\"publisher\":{\"@id\":\"https:\\\/\\\/beautylaser.hu\\\/#organization\"},\"potentialAction\":[{\"@type\":\"SearchAction\",\"target\":{\"@type\":\"EntryPoint\",\"urlTemplate\":\"https:\\\/\\\/beautylaser.hu\\\/?s={search_term_string}\"},\"query-input\":{\"@type\":\"PropertyValueSpecification\",\"valueRequired\":true,\"valueName\":\"search_term_string\"}}],\"inLanguage\":\"en-GB\"},{\"@type\":\"Organization\",\"@id\":\"https:\\\/\\\/beautylaser.hu\\\/#organization\",\"name\":\"Gy\u00f3gyl\u00e9zer Csal\u00e1d Kft.\",\"url\":\"https:\\\/\\\/beautylaser.hu\\\/\",\"logo\":{\"@type\":\"ImageObject\",\"inLanguage\":\"en-GB\",\"@id\":\"https:\\\/\\\/beautylaser.hu\\\/#\\\/schema\\\/logo\\\/image\\\/\",\"url\":\"https:\\\/\\\/beautylaser.hu\\\/wp-content\\\/uploads\\\/2022\\\/12\\\/optikop_beautylaser_CMYK_szines_atlatszo.png\",\"contentUrl\":\"https:\\\/\\\/beautylaser.hu\\\/wp-content\\\/uploads\\\/2022\\\/12\\\/optikop_beautylaser_CMYK_szines_atlatszo.png\",\"width\":1999,\"height\":628,\"caption\":\"Gy\u00f3gyl\u00e9zer Csal\u00e1d Kft.\"},\"image\":{\"@id\":\"https:\\\/\\\/beautylaser.hu\\\/#\\\/schema\\\/logo\\\/image\\\/\"},\"sameAs\":[\"https:\\\/\\\/www.facebook.com\\\/optikopbeautylaser\",\"https:\\\/\\\/www.instagram.com\\\/optikopbeautylaser\\\/\"]}]}<\/script>\n<!-- \/ Yoast SEO plugin. -->","yoast_head_json":{"title":"About Us demo - Optikop Beautylaser","robots":{"index":"index","follow":"follow","max-snippet":"max-snippet:-1","max-image-preview":"max-image-preview:large","max-video-preview":"max-video-preview:-1"},"canonical":"https:\/\/beautylaser.hu\/en\/about-us\/","og_locale":"en_GB","og_type":"article","og_title":"About Us demo - Optikop Beautylaser","og_description":"Hi, My name is Mia Zinnia and I\u2019m a certified Health coach Welcome to my blog where I share my recipes and ideas to inspire a health, balanced and sustainable [&hellip;]","og_url":"https:\/\/beautylaser.hu\/en\/about-us\/","og_site_name":"Optikop Beautylaser","article_publisher":"https:\/\/www.facebook.com\/optikopbeautylaser","article_modified_time":"2024-02-21T03:50:29+00:00","og_image":[{"url":"https:\/\/d-themes.com\/wordpress\\\/udesign\/dummy\/wp-content\/uploads\/sites\/13\/2022\/06\/women.png","type":"","width":"","height":""}],"twitter_card":"summary_large_image","twitter_misc":{"Estimated reading time":"2 minutes"},"schema":{"@context":"https:\/\/schema.org","@graph":[{"@type":"WebPage","@id":"https:\/\/beautylaser.hu\/en\/about-us\/","url":"https:\/\/beautylaser.hu\/en\/about-us\/","name":"About Us demo - Optikop Beautylaser","isPartOf":{"@id":"https:\/\/beautylaser.hu\/#website"},"primaryImageOfPage":{"@id":"https:\/\/beautylaser.hu\/en\/about-us\/#primaryimage"},"image":{"@id":"https:\/\/beautylaser.hu\/en\/about-us\/#primaryimage"},"thumbnailUrl":"https:\/\/d-themes.com\/wordpress\\\/udesign\/dummy\/wp-content\/uploads\/sites\/13\/2022\/06\/women.png","datePublished":"2021-09-30T18:44:04+00:00","dateModified":"2024-02-21T03:50:29+00:00","breadcrumb":{"@id":"https:\/\/beautylaser.hu\/en\/about-us\/#breadcrumb"},"inLanguage":"en-GB","potentialAction":[{"@type":"ReadAction","target":["https:\/\/beautylaser.hu\/en\/about-us\/"]}]},{"@type":"ImageObject","inLanguage":"en-GB","@id":"https:\/\/beautylaser.hu\/en\/about-us\/#primaryimage","url":"https:\/\/d-themes.com\/wordpress\\\/udesign\/dummy\/wp-content\/uploads\/sites\/13\/2022\/06\/women.png","contentUrl":"https:\/\/d-themes.com\/wordpress\\\/udesign\/dummy\/wp-content\/uploads\/sites\/13\/2022\/06\/women.png"},{"@type":"BreadcrumbList","@id":"https:\/\/beautylaser.hu\/en\/about-us\/#breadcrumb","itemListElement":[{"@type":"ListItem","position":1,"name":"Home","item":"https:\/\/beautylaser.hu\/en\/home\/"},{"@type":"ListItem","position":2,"name":"About Us demo"}]},{"@type":"WebSite","@id":"https:\/\/beautylaser.hu\/#website","url":"https:\/\/beautylaser.hu\/","name":"Optikop Beautylaser","description":"Optikop Beautylaser | l\u00e1gyl\u00e9zer-kezel\u00e9s","publisher":{"@id":"https:\/\/beautylaser.hu\/#organization"},"potentialAction":[{"@type":"SearchAction","target":{"@type":"EntryPoint","urlTemplate":"https:\/\/beautylaser.hu\/?s={search_term_string}"},"query-input":{"@type":"PropertyValueSpecification","valueRequired":true,"valueName":"search_term_string"}}],"inLanguage":"en-GB"},{"@type":"Organization","@id":"https:\/\/beautylaser.hu\/#organization","name":"Gy\u00f3gyl\u00e9zer Csal\u00e1d Kft.","url":"https:\/\/beautylaser.hu\/","logo":{"@type":"ImageObject","inLanguage":"en-GB","@id":"https:\/\/beautylaser.hu\/#\/schema\/logo\/image\/","url":"https:\/\/beautylaser.hu\/wp-content\/uploads\/2022\/12\/optikop_beautylaser_CMYK_szines_atlatszo.png","contentUrl":"https:\/\/beautylaser.hu\/wp-content\/uploads\/2022\/12\/optikop_beautylaser_CMYK_szines_atlatszo.png","width":1999,"height":628,"caption":"Gy\u00f3gyl\u00e9zer Csal\u00e1d Kft."},"image":{"@id":"https:\/\/beautylaser.hu\/#\/schema\/logo\/image\/"},"sameAs":["https:\/\/www.facebook.com\/optikopbeautylaser","https:\/\/www.instagram.com\/optikopbeautylaser\/"]}]}},"_links":{"self":[{"href":"https:\/\/beautylaser.hu\/en\/wp-json\/wp\/v2\/pages\/8","targetHints":{"allow":["GET"]}}],"collection":[{"href":"https:\/\/beautylaser.hu\/en\/wp-json\/wp\/v2\/pages"}],"about":[{"href":"https:\/\/beautylaser.hu\/en\/wp-json\/wp\/v2\/types\/page"}],"author":[{"embeddable":true,"href":"https:\/\/beautylaser.hu\/en\/wp-json\/wp\/v2\/users\/1"}],"replies":[{"embeddable":true,"href":"https:\/\/beautylaser.hu\/en\/wp-json\/wp\/v2\/comments?post=8"}],"version-history":[{"count":0,"href":"https:\/\/beautylaser.hu\/en\/wp-json\/wp\/v2\/pages\/8\/revisions"}],"wp:attachment":[{"href":"https:\/\/beautylaser.hu\/en\/wp-json\/wp\/v2\/media?parent=8"}],"curies":[{"name":"wp","href":"https:\/\/api.w.org\/{rel}","templated":true}]}}