{"id":861,"date":"2021-10-05T05:17:39","date_gmt":"2021-10-05T05:17:39","guid":{"rendered":"https:\/\/d-themes.com\/wordpress\/udesign\/dummy\/health-coach\/?page_id=861"},"modified":"2024-02-21T04:57:36","modified_gmt":"2024-02-21T03:57:36","slug":"exercise-program","status":"publish","type":"page","link":"https:\/\/beautylaser.hu\/en\/exercise-program\/","title":{"rendered":"Exercise program"},"content":{"rendered":"\t\t<div data-elementor-type=\"wp-page\" data-elementor-id=\"861\" class=\"elementor elementor-861\" data-elementor-post-type=\"page\">\n\t\t\t\t\t\t<div class=\" elementor-section elementor-top-section elementor-element elementor-element-32a6892 elementor-section-boxed elementor-section-height-default elementor-section-height-default\" data-id=\"32a6892\" data-element_type=\"section\" data-e-type=\"section\">\r\n\t\t\t\t\t\t\t\t<div class=\"elementor-container elementor-column-gap-default\">\r\n\t\t\t\t\r\n\t\t\t\t\t\t\t\t<div class=\" elementor-column elementor-col-100 elementor-top-column elementor-element elementor-element-4603b67 \" data-id=\"4603b67\" data-element_type=\"column\" data-e-type=\"column\">\r\n\r\n\t\t\t\t\r\n\t\t\t\t<div class=\"elementor-widget-wrap elementor-element-populated\">\r\n\t\t\t\t\t\t\t\t\t\t\r\n\t\t\t\t\t\t<div class=\"elementor-element elementor-element-ed98233 elementor-invisible elementor-widget elementor-widget-image\" data-id=\"ed98233\" data-element_type=\"widget\" data-e-type=\"widget\" data-settings=\"{&quot;_animation&quot;:&quot;fadeInLeftShorter&quot;}\" data-widget_type=\"image.default\">\n\t\t\t\t<div class=\"elementor-widget-container\">\n\t\t\t\t\t\t\t\t\t\t\t\t\t\t\t<img decoding=\"async\" src=\"https:\/\/d-themes.com\/wordpress\/udesign\/dummy\/wp-content\/uploads\/sites\/13\/2021\/10\/service-2.jpg\" title=\"\" alt=\"Service Image\" loading=\"lazy\" \/>\t\t\t\t\t\t\t\t\t\t\t\t\t\t\t<\/div>\n\t\t\t\t<\/div>\n\t\t\t\t<div class=\"elementor-element elementor-element-565aaaf elementor-invisible elementor-widget elementor-widget-heading\" data-id=\"565aaaf\" data-element_type=\"widget\" data-e-type=\"widget\" data-settings=\"{&quot;_animation&quot;:&quot;fadeIn&quot;}\" data-widget_type=\"heading.default\">\n\t\t\t\t<div class=\"elementor-widget-container\">\n\t\t\t\t\t<p class=\"elementor-heading-title elementor-size-default\">Lorem ipsum dolor sit amet, consectetur adipiscing elit, sed do eiusmod tempor incididunt ut labore et dolore magna aliqua. Venenatis tellus in metus vulputate eu scelerisque felis. Vel pretium lectus quam id leo in vitae turpis massa. <\/p>\t\t\t\t<\/div>\n\t\t\t\t<\/div>\n\t\t\t\t<div class=\" elementor-section elementor-inner-section elementor-element elementor-element-d33ef7a mb-5 elementor-section-boxed elementor-section-height-default elementor-section-height-default elementor-invisible\" data-id=\"d33ef7a\" data-element_type=\"section\" data-e-type=\"section\" data-settings=\"{&quot;animation&quot;:&quot;fadeIn&quot;}\">\r\n\t\t\t\t\t\t\t\t<div class=\"elementor-container elementor-column-gap-default\">\r\n\t\t\t\t\r\n\t\t\t\t\t\t\t\t<div class=\" elementor-column elementor-col-50 elementor-inner-column elementor-element elementor-element-72068de \" data-id=\"72068de\" data-element_type=\"column\" data-e-type=\"column\">\r\n\r\n\t\t\t\t\r\n\t\t\t\t<div class=\"elementor-widget-wrap elementor-element-populated\">\r\n\t\t\t\t\t\t\t\t\t\t\r\n\t\t\t\t\t\t<div class=\"elementor-element elementor-element-ab4f222 elementor-widget elementor-widget-heading\" data-id=\"ab4f222\" data-element_type=\"widget\" data-e-type=\"widget\" data-widget_type=\"heading.default\">\n\t\t\t\t<div class=\"elementor-widget-container\">\n\t\t\t\t\t<h4 class=\"elementor-heading-title elementor-size-default\">Lorem ipsum dolor sit amet<\/h4>\t\t\t\t<\/div>\n\t\t\t\t<\/div>\n\t\t\t\t<div class=\"elementor-element elementor-element-e965cb1 elementor-widget elementor-widget-heading\" data-id=\"e965cb1\" data-element_type=\"widget\" data-e-type=\"widget\" data-widget_type=\"heading.default\">\n\t\t\t\t<div class=\"elementor-widget-container\">\n\t\t\t\t\t<p class=\"elementor-heading-title elementor-size-default\">Praesent id enim sit amet.Tdio vulputate eleifend in in tortor. ellus massa. sitiMassa ristique sit amet condim vel,.<\/p>\t\t\t\t<\/div>\n\t\t\t\t<\/div>\n\t\t\t\t<div class=\"elementor-element elementor-element-56ff1f1 custom-list elementor-icon-list--layout-traditional elementor-widget elementor-widget-udesign_widget_iconlist\" data-id=\"56ff1f1\" data-element_type=\"widget\" data-e-type=\"widget\" data-widget_type=\"udesign_widget_iconlist.default\">\n\t\t\t\t<div class=\"elementor-widget-container\">\n\t\t\t\t\t<ul class=\"elementor-icon-list-items\">\r\n\t\t\t<li class=\"elementor-icon-list-item elementor-repeater-item-774795b\">\r\n\t\t\t\t\t\t\t<span class=\"elementor-icon-list-icon\">\r\n\t\t\t\t<i aria-hidden=\"true\" class=\"a-icon-check\"><\/i>\t\t\t\t<\/span>\r\n\t\t\t\t\t\t<span class=\"elementor-icon-list-text\">Praesent id enim sit amet.Tdio vulputate <\/span>\r\n\t\t\t\t\t\t\t\t<\/li>\r\n\t\t\t\t<li class=\"elementor-icon-list-item elementor-repeater-item-260c01c\">\r\n\t\t\t\t\t\t\t<span class=\"elementor-icon-list-icon\">\r\n\t\t\t\t<i aria-hidden=\"true\" class=\"a-icon-check\"><\/i>\t\t\t\t<\/span>\r\n\t\t\t\t\t\t<span class=\"elementor-icon-list-text\">Eleifend in in tortor. ellus massa.Dristique sitii<\/span>\r\n\t\t\t\t\t\t\t\t<\/li>\r\n\t\t\t\t<li class=\"elementor-icon-list-item elementor-repeater-item-09a966c\">\r\n\t\t\t\t\t\t\t<span class=\"elementor-icon-list-icon\">\r\n\t\t\t\t<i aria-hidden=\"true\" class=\"a-icon-check\"><\/i>\t\t\t\t<\/span>\r\n\t\t\t\t\t\t<span class=\"elementor-icon-list-text\">Massa ristique sit amet condim vel<\/span>\r\n\t\t\t\t\t\t\t\t<\/li>\r\n\t\t<\/ul>\r\n\t\t\t\t<\/div>\n\t\t\t\t<\/div>\n\t\t\t\t\t\t<\/div>\r\n\t\t\t\t<\/div>\r\n\t\t\t\t\t\t\t\t\t<div class=\" elementor-column elementor-col-50 elementor-inner-column elementor-element elementor-element-cdcb82d \" data-id=\"cdcb82d\" data-element_type=\"column\" data-e-type=\"column\">\r\n\r\n\t\t\t\t\r\n\t\t\t\t<div class=\"elementor-widget-wrap elementor-element-populated\">\r\n\t\t\t\t\t\t\t\t\t\t\r\n\t\t\t\t\t\t<div class=\"elementor-element elementor-element-280d0a3 elementor-widget elementor-widget-heading\" data-id=\"280d0a3\" data-element_type=\"widget\" data-e-type=\"widget\" data-widget_type=\"heading.default\">\n\t\t\t\t<div class=\"elementor-widget-container\">\n\t\t\t\t\t<h4 class=\"elementor-heading-title elementor-size-default\">Fringilla urna porttitor<\/h4>\t\t\t\t<\/div>\n\t\t\t\t<\/div>\n\t\t\t\t<div class=\"elementor-element elementor-element-33dae39 elementor-widget elementor-widget-heading\" data-id=\"33dae39\" data-element_type=\"widget\" data-e-type=\"widget\" data-widget_type=\"heading.default\">\n\t\t\t\t<div class=\"elementor-widget-container\">\n\t\t\t\t\t<p class=\"elementor-heading-title elementor-size-default\">Lorem ipsum dolor sit amet, consectetur adipiscing elit, sed \ntempor incididunt ut labore et dolore magna aliqua. Venena\nmetus vulputate eu scelerisque felis.<br> \nVel pretium lectus quam id leo in vitae turpis massa. Nunc\nmetus aliquam. Libero id faucibus nisl tincidunt eget. <\/p>\t\t\t\t<\/div>\n\t\t\t\t<\/div>\n\t\t\t\t\t\t<\/div>\r\n\t\t\t\t<\/div>\r\n\t\t\t\t\t\t\t\t<\/div>\r\n\t\t\t<\/div>\r\n\t\t\t\t\t<div class=\"elementor-element elementor-element-c45512b elementor-invisible elementor-widget elementor-widget-heading\" data-id=\"c45512b\" data-element_type=\"widget\" data-e-type=\"widget\" data-settings=\"{&quot;_animation&quot;:&quot;fadeIn&quot;}\" data-widget_type=\"heading.default\">\n\t\t\t\t<div class=\"elementor-widget-container\">\n\t\t\t\t\t<p class=\"elementor-heading-title elementor-size-default\">Lorem ipsum dolor sit amet, consectetur adipiscing elit, sed do eiusmod tempor incididunt ut labore et dolore magna aliqua. Venenatis tellus in metus vulputate eu scelerisque felis. Vel pretium lectus quam id leo in vitae turpis massa. <\/p>\t\t\t\t<\/div>\n\t\t\t\t<\/div>\n\t\t\t\t\t\t<\/div>\r\n\t\t\t\t<\/div>\r\n\t\t\t\t\t\t\t\t<\/div>\r\n\t\t\t<\/div>\r\n\t\t\t\t\t<section class=\" elementor-section elementor-top-section elementor-element elementor-element-836b316 elementor-section-boxed elementor-section-height-default elementor-section-height-default\" data-id=\"836b316\" data-element_type=\"section\" data-e-type=\"section\">\r\n\t\t\t\t\t\t\t\t<div class=\"elementor-container elementor-column-gap-default\">\r\n\t\t\t\t\r\n\t\t\t\t\t\t\t\t<div class=\" elementor-column elementor-col-100 elementor-top-column elementor-element elementor-element-d0ec405 \" data-id=\"d0ec405\" data-element_type=\"column\" data-e-type=\"column\">\r\n\r\n\t\t\t\t\r\n\t\t\t\t<div class=\"elementor-widget-wrap elementor-element-populated\">\r\n\t\t\t\t\t\t\t\t\t\t\r\n\t\t\t\t\t\t<div class=\"elementor-element elementor-element-7a4807d elementor-widget elementor-widget-text-editor\" data-id=\"7a4807d\" data-element_type=\"widget\" data-e-type=\"widget\" data-widget_type=\"text-editor.default\">\n\t\t\t\t<div class=\"elementor-widget-container\">\n\t\t\t\t\t\t\t\t\t<p>Lorem ipsum dolor sit amet, consectetur <strong>adipiscing<\/strong> elit. Ut elit tellus, luctus nec ullamcorper mattis, pulvinar dapibus leo.<\/p><ul><li>Els\u0151<\/li><li>M\u00e1sodik<\/li><li>Harmadik<\/li><\/ul>\t\t\t\t\t\t\t\t<\/div>\n\t\t\t\t<\/div>\n\t\t\t\t\t\t<\/div>\r\n\t\t\t\t<\/div>\r\n\t\t\t\t\t\t\t\t<\/div>\r\n\t\t\t<\/section>\r\n\t\t\t\t\t<\/div>\n\t\t","protected":false},"excerpt":{"rendered":"<p>Lorem ipsum dolor sit amet, consectetur adipiscing elit, sed do eiusmod tempor incididunt ut labore et dolore magna aliqua. Venenatis tellus in metus vulputate eu scelerisque felis. Vel pretium lectus [&hellip;]<\/p>\n","protected":false},"author":1,"featured_media":0,"parent":0,"menu_order":0,"comment_status":"closed","ping_status":"closed","template":"","meta":{"_acf_changed":false,"footnotes":""},"class_list":["post-861","page","type-page","status-publish","hentry"],"acf":[],"yoast_head":"<!-- This site is optimized with the Yoast SEO plugin v27.3 - https:\/\/yoast.com\/product\/yoast-seo-wordpress\/ -->\n<title>Exercise program - Optikop Beautylaser<\/title>\n<meta name=\"robots\" content=\"index, follow, max-snippet:-1, max-image-preview:large, max-video-preview:-1\" \/>\n<link rel=\"canonical\" href=\"https:\/\/beautylaser.hu\/en\/exercise-program\/\" \/>\n<meta property=\"og:locale\" content=\"en_GB\" \/>\n<meta property=\"og:type\" content=\"article\" \/>\n<meta property=\"og:title\" content=\"Exercise program - Optikop Beautylaser\" \/>\n<meta property=\"og:description\" content=\"Lorem ipsum dolor sit amet, consectetur adipiscing elit, sed do eiusmod tempor incididunt ut labore et dolore magna aliqua. Venenatis tellus in metus vulputate eu scelerisque felis. Vel pretium lectus [&hellip;]\" \/>\n<meta property=\"og:url\" content=\"https:\/\/beautylaser.hu\/en\/exercise-program\/\" \/>\n<meta property=\"og:site_name\" content=\"Optikop Beautylaser\" \/>\n<meta property=\"article:publisher\" content=\"https:\/\/www.facebook.com\/optikopbeautylaser\" \/>\n<meta property=\"article:modified_time\" content=\"2024-02-21T03:57:36+00:00\" \/>\n<meta property=\"og:image\" content=\"https:\/\/d-themes.com\/wordpress\/udesign\/dummy\/wp-content\/uploads\/sites\/13\/2021\/10\/service-2.jpg\" \/>\n<meta name=\"twitter:card\" content=\"summary_large_image\" \/>\n<meta name=\"twitter:label1\" content=\"Estimated reading time\" \/>\n\t<meta name=\"twitter:data1\" content=\"1 minute\" \/>\n<script type=\"application\/ld+json\" class=\"yoast-schema-graph\">{\"@context\":\"https:\\\/\\\/schema.org\",\"@graph\":[{\"@type\":\"WebPage\",\"@id\":\"https:\\\/\\\/beautylaser.hu\\\/en\\\/exercise-program\\\/\",\"url\":\"https:\\\/\\\/beautylaser.hu\\\/en\\\/exercise-program\\\/\",\"name\":\"Exercise program - Optikop Beautylaser\",\"isPartOf\":{\"@id\":\"https:\\\/\\\/beautylaser.hu\\\/#website\"},\"primaryImageOfPage\":{\"@id\":\"https:\\\/\\\/beautylaser.hu\\\/en\\\/exercise-program\\\/#primaryimage\"},\"image\":{\"@id\":\"https:\\\/\\\/beautylaser.hu\\\/en\\\/exercise-program\\\/#primaryimage\"},\"thumbnailUrl\":\"https:\\\/\\\/d-themes.com\\\/wordpress\\\/udesign\\\/dummy\\\/wp-content\\\/uploads\\\/sites\\\/13\\\/2021\\\/10\\\/service-2.jpg\",\"datePublished\":\"2021-10-05T05:17:39+00:00\",\"dateModified\":\"2024-02-21T03:57:36+00:00\",\"breadcrumb\":{\"@id\":\"https:\\\/\\\/beautylaser.hu\\\/en\\\/exercise-program\\\/#breadcrumb\"},\"inLanguage\":\"en-GB\",\"potentialAction\":[{\"@type\":\"ReadAction\",\"target\":[\"https:\\\/\\\/beautylaser.hu\\\/en\\\/exercise-program\\\/\"]}]},{\"@type\":\"ImageObject\",\"inLanguage\":\"en-GB\",\"@id\":\"https:\\\/\\\/beautylaser.hu\\\/en\\\/exercise-program\\\/#primaryimage\",\"url\":\"https:\\\/\\\/d-themes.com\\\/wordpress\\\/udesign\\\/dummy\\\/wp-content\\\/uploads\\\/sites\\\/13\\\/2021\\\/10\\\/service-2.jpg\",\"contentUrl\":\"https:\\\/\\\/d-themes.com\\\/wordpress\\\/udesign\\\/dummy\\\/wp-content\\\/uploads\\\/sites\\\/13\\\/2021\\\/10\\\/service-2.jpg\"},{\"@type\":\"BreadcrumbList\",\"@id\":\"https:\\\/\\\/beautylaser.hu\\\/en\\\/exercise-program\\\/#breadcrumb\",\"itemListElement\":[{\"@type\":\"ListItem\",\"position\":1,\"name\":\"Home\",\"item\":\"https:\\\/\\\/beautylaser.hu\\\/en\\\/home\\\/\"},{\"@type\":\"ListItem\",\"position\":2,\"name\":\"Exercise program\"}]},{\"@type\":\"WebSite\",\"@id\":\"https:\\\/\\\/beautylaser.hu\\\/#website\",\"url\":\"https:\\\/\\\/beautylaser.hu\\\/\",\"name\":\"Optikop Beautylaser\",\"description\":\"Optikop Beautylaser | l\u00e1gyl\u00e9zer-kezel\u00e9s\",\"publisher\":{\"@id\":\"https:\\\/\\\/beautylaser.hu\\\/#organization\"},\"potentialAction\":[{\"@type\":\"SearchAction\",\"target\":{\"@type\":\"EntryPoint\",\"urlTemplate\":\"https:\\\/\\\/beautylaser.hu\\\/?s={search_term_string}\"},\"query-input\":{\"@type\":\"PropertyValueSpecification\",\"valueRequired\":true,\"valueName\":\"search_term_string\"}}],\"inLanguage\":\"en-GB\"},{\"@type\":\"Organization\",\"@id\":\"https:\\\/\\\/beautylaser.hu\\\/#organization\",\"name\":\"Gy\u00f3gyl\u00e9zer Csal\u00e1d Kft.\",\"url\":\"https:\\\/\\\/beautylaser.hu\\\/\",\"logo\":{\"@type\":\"ImageObject\",\"inLanguage\":\"en-GB\",\"@id\":\"https:\\\/\\\/beautylaser.hu\\\/#\\\/schema\\\/logo\\\/image\\\/\",\"url\":\"https:\\\/\\\/beautylaser.hu\\\/wp-content\\\/uploads\\\/2022\\\/12\\\/optikop_beautylaser_CMYK_szines_atlatszo.png\",\"contentUrl\":\"https:\\\/\\\/beautylaser.hu\\\/wp-content\\\/uploads\\\/2022\\\/12\\\/optikop_beautylaser_CMYK_szines_atlatszo.png\",\"width\":1999,\"height\":628,\"caption\":\"Gy\u00f3gyl\u00e9zer Csal\u00e1d Kft.\"},\"image\":{\"@id\":\"https:\\\/\\\/beautylaser.hu\\\/#\\\/schema\\\/logo\\\/image\\\/\"},\"sameAs\":[\"https:\\\/\\\/www.facebook.com\\\/optikopbeautylaser\",\"https:\\\/\\\/www.instagram.com\\\/optikopbeautylaser\\\/\"]}]}<\/script>\n<!-- \/ Yoast SEO plugin. -->","yoast_head_json":{"title":"Exercise program - Optikop Beautylaser","robots":{"index":"index","follow":"follow","max-snippet":"max-snippet:-1","max-image-preview":"max-image-preview:large","max-video-preview":"max-video-preview:-1"},"canonical":"https:\/\/beautylaser.hu\/en\/exercise-program\/","og_locale":"en_GB","og_type":"article","og_title":"Exercise program - Optikop Beautylaser","og_description":"Lorem ipsum dolor sit amet, consectetur adipiscing elit, sed do eiusmod tempor incididunt ut labore et dolore magna aliqua. Venenatis tellus in metus vulputate eu scelerisque felis. Vel pretium lectus [&hellip;]","og_url":"https:\/\/beautylaser.hu\/en\/exercise-program\/","og_site_name":"Optikop Beautylaser","article_publisher":"https:\/\/www.facebook.com\/optikopbeautylaser","article_modified_time":"2024-02-21T03:57:36+00:00","og_image":[{"url":"https:\/\/d-themes.com\/wordpress\/udesign\/dummy\/wp-content\/uploads\/sites\/13\/2021\/10\/service-2.jpg","type":"","width":"","height":""}],"twitter_card":"summary_large_image","twitter_misc":{"Estimated reading time":"1 minute"},"schema":{"@context":"https:\/\/schema.org","@graph":[{"@type":"WebPage","@id":"https:\/\/beautylaser.hu\/en\/exercise-program\/","url":"https:\/\/beautylaser.hu\/en\/exercise-program\/","name":"Exercise program - Optikop Beautylaser","isPartOf":{"@id":"https:\/\/beautylaser.hu\/#website"},"primaryImageOfPage":{"@id":"https:\/\/beautylaser.hu\/en\/exercise-program\/#primaryimage"},"image":{"@id":"https:\/\/beautylaser.hu\/en\/exercise-program\/#primaryimage"},"thumbnailUrl":"https:\/\/d-themes.com\/wordpress\/udesign\/dummy\/wp-content\/uploads\/sites\/13\/2021\/10\/service-2.jpg","datePublished":"2021-10-05T05:17:39+00:00","dateModified":"2024-02-21T03:57:36+00:00","breadcrumb":{"@id":"https:\/\/beautylaser.hu\/en\/exercise-program\/#breadcrumb"},"inLanguage":"en-GB","potentialAction":[{"@type":"ReadAction","target":["https:\/\/beautylaser.hu\/en\/exercise-program\/"]}]},{"@type":"ImageObject","inLanguage":"en-GB","@id":"https:\/\/beautylaser.hu\/en\/exercise-program\/#primaryimage","url":"https:\/\/d-themes.com\/wordpress\/udesign\/dummy\/wp-content\/uploads\/sites\/13\/2021\/10\/service-2.jpg","contentUrl":"https:\/\/d-themes.com\/wordpress\/udesign\/dummy\/wp-content\/uploads\/sites\/13\/2021\/10\/service-2.jpg"},{"@type":"BreadcrumbList","@id":"https:\/\/beautylaser.hu\/en\/exercise-program\/#breadcrumb","itemListElement":[{"@type":"ListItem","position":1,"name":"Home","item":"https:\/\/beautylaser.hu\/en\/home\/"},{"@type":"ListItem","position":2,"name":"Exercise program"}]},{"@type":"WebSite","@id":"https:\/\/beautylaser.hu\/#website","url":"https:\/\/beautylaser.hu\/","name":"Optikop Beautylaser","description":"Optikop Beautylaser | l\u00e1gyl\u00e9zer-kezel\u00e9s","publisher":{"@id":"https:\/\/beautylaser.hu\/#organization"},"potentialAction":[{"@type":"SearchAction","target":{"@type":"EntryPoint","urlTemplate":"https:\/\/beautylaser.hu\/?s={search_term_string}"},"query-input":{"@type":"PropertyValueSpecification","valueRequired":true,"valueName":"search_term_string"}}],"inLanguage":"en-GB"},{"@type":"Organization","@id":"https:\/\/beautylaser.hu\/#organization","name":"Gy\u00f3gyl\u00e9zer Csal\u00e1d Kft.","url":"https:\/\/beautylaser.hu\/","logo":{"@type":"ImageObject","inLanguage":"en-GB","@id":"https:\/\/beautylaser.hu\/#\/schema\/logo\/image\/","url":"https:\/\/beautylaser.hu\/wp-content\/uploads\/2022\/12\/optikop_beautylaser_CMYK_szines_atlatszo.png","contentUrl":"https:\/\/beautylaser.hu\/wp-content\/uploads\/2022\/12\/optikop_beautylaser_CMYK_szines_atlatszo.png","width":1999,"height":628,"caption":"Gy\u00f3gyl\u00e9zer Csal\u00e1d Kft."},"image":{"@id":"https:\/\/beautylaser.hu\/#\/schema\/logo\/image\/"},"sameAs":["https:\/\/www.facebook.com\/optikopbeautylaser","https:\/\/www.instagram.com\/optikopbeautylaser\/"]}]}},"_links":{"self":[{"href":"https:\/\/beautylaser.hu\/en\/wp-json\/wp\/v2\/pages\/861","targetHints":{"allow":["GET"]}}],"collection":[{"href":"https:\/\/beautylaser.hu\/en\/wp-json\/wp\/v2\/pages"}],"about":[{"href":"https:\/\/beautylaser.hu\/en\/wp-json\/wp\/v2\/types\/page"}],"author":[{"embeddable":true,"href":"https:\/\/beautylaser.hu\/en\/wp-json\/wp\/v2\/users\/1"}],"replies":[{"embeddable":true,"href":"https:\/\/beautylaser.hu\/en\/wp-json\/wp\/v2\/comments?post=861"}],"version-history":[{"count":0,"href":"https:\/\/beautylaser.hu\/en\/wp-json\/wp\/v2\/pages\/861\/revisions"}],"wp:attachment":[{"href":"https:\/\/beautylaser.hu\/en\/wp-json\/wp\/v2\/media?parent=861"}],"curies":[{"name":"wp","href":"https:\/\/api.w.org\/{rel}","templated":true}]}}